{"id":1052,"date":"2022-03-31T06:13:25","date_gmt":"2022-03-31T06:13:25","guid":{"rendered":"https:\/\/wpriverthemes.com\/aveit\/?page_id=1052"},"modified":"2026-05-01T18:35:41","modified_gmt":"2026-05-01T18:35:41","slug":"ana-maria-padros","status":"publish","type":"page","link":"https:\/\/www.teamseven.pe\/en\/ana-maria-padros\/","title":{"rendered":"Ana Mar\u00eda Padr\u00f3s"},"content":{"rendered":"<div data-elementor-type=\"wp-page\" data-elementor-id=\"1052\" class=\"elementor elementor-1052\">\n\t\t\t\t\t\t<section class=\"elementor-section elementor-top-section elementor-element elementor-element-8de0fb4 elementor-section-full_width elementor-section-height-default elementor-section-height-default\" data-id=\"8de0fb4\" data-element_type=\"section\" data-e-type=\"section\">\n\t\t\t\t\t\t<div class=\"elementor-container elementor-column-gap-no\">\n\t\t\t\t\t<div class=\"elementor-column elementor-col-100 elementor-top-column elementor-element elementor-element-0d9b246\" data-id=\"0d9b246\" data-element_type=\"column\" data-e-type=\"column\">\n\t\t\t<div class=\"elementor-widget-wrap elementor-element-populated\">\n\t\t\t\t\t\t<div class=\"elementor-element elementor-element-1eed513 elementor-widget elementor-widget-about\" data-id=\"1eed513\" data-element_type=\"widget\" data-e-type=\"widget\" data-widget_type=\"about.default\">\n\t\t\t\t<div class=\"elementor-widget-container\">\n\t\t\t\t\t\n        <!-- Start About\n    ============================================= -->\n    <div class=\"about-area overflow-hidden default-padding\">\n        <div class=\"container\">\n            <div class=\"about-items\">\n                <div class=\"row align-center\">\n\n                    <!-- Thumb -->\n                    <div class=\"col-lg-6\">\n                        <div class=\"thumb\">\n                            <img decoding=\"async\" src=\"https:\/\/www.teamseven.pe\/wp-content\/uploads\/2026\/04\/imagen-1-interna.jpg\" alt=\"Thumb\">\n                            <div class=\"fun-fact\">\n                                <div class=\"counter\">\n                                    <div class=\"timer\" data-to=\"+26\" data-speed=\"2000\">+26<\/div>\n                                    <div class=\"operator\"><\/div>\n                                <\/div>\n                                <span class=\"medium\">a\u00f1os de experiencia<\/span>\n                            <\/div>\n                        <\/div>\n                    <\/div>\n                    <!-- End Thumb -->\n\n                    <div class=\"col-lg-6\">\n                        <div class=\"content\">\n                            <h2>Who I am?<\/h2>\n                            <p>\n                                I\u2019m Ana Mar\u00eda Padr\u00f3s, a strategic consultant in the gaming industry and founder of Team Seven.\n\nWith over 25 years of experience, I\u2019ve led operations, built high-performing teams, and tackled real growth challenges across both B2B and B2C environments\u2014working with global companies as well as local markets.\n\nToday, I partner with organizations that need to execute more effectively, adapt quickly, and make decisions that drive meaningful impact.                            <\/p>\n                            <ul>\n                                                                <li>\n                                    <h5>Hands-on experience, not theory<\/h5>\n                                    <p>\n                                        I\u2019ve operated on the front lines\u2014leading teams and making high-stakes decisions under\npressure.\n\n \n                                    <\/p>\n                                <\/li>\n                                                            <li>\n                                    <h5>360\u00b0 business perspective<\/h5>\n                                    <p>\n                                        From marketing and product to operations and regulatory frameworks.\n\n \n                                    <\/p>\n                                <\/li>\n                                                            <li>\n                                    <h5>Deep LATAM ecosystem expertise<\/h5>\n                                    <p>\n                                        I understand the culture, key stakeholders, and how the market truly operates. \n                                    <\/p>\n                                <\/li>\n                                                            <li>\n                                    <h5>Relentless focus on efficiency and results<\/h5>\n                                    <p>\n                                        Success isn\u2019t about doing more\u2014it\u2019s about doing better: reducing risk, optimizing\ninvestment, and maximizing impact. \n                                    <\/p>\n                                <\/li>\n                                                        <\/ul>\n                        <\/div>\n                    <\/div>\n<!-- End About Area -->\n\n    \t\t\t\t<\/div>\n\t\t\t\t<\/div>\n\t\t\t\t\t<\/div>\n\t\t<\/div>\n\t\t\t\t\t<\/div>\n\t\t<\/section>\n\t\t\t\t<section class=\"elementor-section elementor-top-section elementor-element elementor-element-6ded1d5 elementor-section-full_width elementor-section-height-default elementor-section-height-default\" data-id=\"6ded1d5\" data-element_type=\"section\" data-e-type=\"section\">\n\t\t\t\t\t\t<div class=\"elementor-container elementor-column-gap-no\">\n\t\t\t\t\t<div class=\"elementor-column elementor-col-100 elementor-top-column elementor-element elementor-element-04f47b6\" data-id=\"04f47b6\" data-element_type=\"column\" data-e-type=\"column\">\n\t\t\t<div class=\"elementor-widget-wrap elementor-element-populated\">\n\t\t\t\t\t\t<div class=\"elementor-element elementor-element-4879a04 elementor-widget elementor-widget-progress\" data-id=\"4879a04\" data-element_type=\"widget\" data-e-type=\"widget\" data-widget_type=\"progress.default\">\n\t\t\t\t<div class=\"elementor-widget-container\">\n\t\t\t\t\t\n        <!-- Star Achivement\n    ============================================= -->\n    <div class=\"achivement-area default-padding-bottom\">\n        <!-- Fixed BG -->\n        <div class=\"fixed-bg\">\n            <img decoding=\"async\" src=\"https:\/\/www.teamseven.pe\/wp-content\/uploads\/2022\/03\/border-bg.jpg\" alt=\"Shape\">\n        <\/div>\n        <!-- Fixed BG -->\n        <div class=\"container\">\n            <div class=\"row\">\n                <div class=\"col-lg-6 heading-side\">\n                    <h5>Areas of expertise<\/h5>\n                    <h2>Data-driven insights, field experience, and a clear business lens <\/h2>\n                    <p>\n                        I act as a strategic right hand to leaders and teams seeking meaningful outcomes. I\u2019m\nnot a traditional consultant\u2014I embed myself in the business, gain a deep understanding,\nand build solutions that work in practice.\n\n \n                    <\/p>\n                <\/div>\n                <div class=\"col-lg-6 right-content\">\n                    <div class=\"skill-items\">\n                                              <!-- Progress Bar Start -->\n                        <div class=\"progress-box\">\n                            <h5>LATAM market entry and expansion strategy<\/h5>\n                            <div class=\"progress\">\n                                <div class=\"progress-bar\" role=\"progressbar\" data-width=\"95\">\n                                    <span>95%<\/span>\n                                <\/div>\n                            <\/div>\n                        <\/div><!-- End Progressbar -->                       <!-- Progress Bar Start -->\n                        <div class=\"progress-box\">\n                            <h5>Alignment between global strategy and local execution<\/h5>\n                            <div class=\"progress\">\n                                <div class=\"progress-bar\" role=\"progressbar\" data-width=\"90\">\n                                    <span>90%<\/span>\n                                <\/div>\n                            <\/div>\n                        <\/div><!-- End Progressbar -->                       <!-- Progress Bar Start -->\n                        <div class=\"progress-box\">\n                            <h5>Regulatory insight and market adaptation<\/h5>\n                            <div class=\"progress\">\n                                <div class=\"progress-bar\" role=\"progressbar\" data-width=\"95\">\n                                    <span>95%<\/span>\n                                <\/div>\n                            <\/div>\n                        <\/div><!-- End Progressbar -->                       <!-- Progress Bar Start -->\n                        <div class=\"progress-box\">\n                            <h5>Operational optimization<\/h5>\n                            <div class=\"progress\">\n                                <div class=\"progress-bar\" role=\"progressbar\" data-width=\"95\">\n                                    <span>95%<\/span>\n                                <\/div>\n                            <\/div>\n                        <\/div><!-- End Progressbar -->                       <!-- Progress Bar Start -->\n                        <div class=\"progress-box\">\n                            <h5>Marketing and acquisition with a profitability focus<\/h5>\n                            <div class=\"progress\">\n                                <div class=\"progress-bar\" role=\"progressbar\" data-width=\"88\">\n                                    <span>88%<\/span>\n                                <\/div>\n                            <\/div>\n                        <\/div><!-- End Progressbar -->                       <!-- Progress Bar Start -->\n                        <div class=\"progress-box\">\n                            <h5>Launch of new business units<\/h5>\n                            <div class=\"progress\">\n                                <div class=\"progress-bar\" role=\"progressbar\" data-width=\"89\">\n                                    <span>89%<\/span>\n                                <\/div>\n                            <\/div>\n                        <\/div><!-- End Progressbar -->                    <\/div>\n                <\/div>\n                \n            <\/div>\n        <\/div>\n    <\/div>\n    <!-- End Achivement Area -->\n\n    \t\t\t\t<\/div>\n\t\t\t\t<\/div>\n\t\t\t\t\t<\/div>\n\t\t<\/div>\n\t\t\t\t\t<\/div>\n\t\t<\/section>\n\t\t\t\t<section class=\"elementor-section elementor-top-section elementor-element elementor-element-9d2514f elementor-section-full_width elementor-section-height-default elementor-section-height-default\" data-id=\"9d2514f\" data-element_type=\"section\" data-e-type=\"section\">\n\t\t\t\t\t\t<div class=\"elementor-container elementor-column-gap-default\">\n\t\t\t\t\t<div class=\"elementor-column elementor-col-100 elementor-top-column elementor-element elementor-element-8623396\" data-id=\"8623396\" data-element_type=\"column\" data-e-type=\"column\">\n\t\t\t<div class=\"elementor-widget-wrap elementor-element-populated\">\n\t\t\t\t\t\t<div class=\"elementor-element elementor-element-3f49956 elementor-widget elementor-widget-team_seven_clients_right_text\" data-id=\"3f49956\" data-element_type=\"widget\" data-e-type=\"widget\" data-widget_type=\"team_seven_clients_right_text.default\">\n\t\t\t\t<div class=\"elementor-widget-container\">\n\t\t\t\t\t\t\t<div class=\"brand-area clients-area bg-gray text-light\">\n\t\t\t<div class=\"container\">\n\t\t\t\t<div class=\"brand-items client-items\">\n\t\t\t\t\t<div class=\"row\">\n\t\t\t\t\t\t<div class=\"col-lg-6 info\">\n\t\t\t\t\t\t\t<h2>Team Seven is the culmination of my professional journey.<\/h2>\n\t\t\t\t\t\t\t<div class=\"team-seven-multiline-text\">\n\t\t\t\t\t\t\t\t<p>A 360\u00b0 strategic consultancy supporting companies\u2014from optimizing key business\nareas to building full-scale operations from the ground up.<\/p><p>We work with a multidisciplinary team across Latin America, integrating strategy,\nexecution, and deep industry expertise.<\/p>\t\t\t\t\t\t\t<\/div>\n\t\t\t\t\t\t\t\t\t\t\t\t\t\t\t<a class=\"btn circle btn-light effect btn-md\" href=\"http:\/\/www.teamseven.pe\/en\/#contacto-section\" target=\"_blank\" rel=\"nofollow\">\n\t\t\t\t\t\t\t\t\tDiscover our approach <i class=\"arrow_right\"><\/i>\n\t\t\t\t\t\t\t\t<\/a>\n\t\t\t\t\t\t\t\t\t\t\t\t\t\t<\/div>\n\t\t\t\t\t\t<div class=\"col-lg-6 info\">\n\t\t\t\t\t\t\t<h2>SPEAKING &amp; THOUGHT LEADERSHIP<\/h2>\n\t\t\t\t\t\t\t<div class=\"team-seven-multiline-text\">\n\t\t\t\t\t\t\t\t<p>I actively contribute as a speaker and industry analyst, sharing insights on:<\/p><p class=\"team-seven-bullet-line\"><span class=\"team-seven-bullet\" aria-hidden=\"true\">&bull;<\/span>The evolution of gaming in LATAM<\/p><p>I also collaborate with specialized media, providing analysis on emerging trends and\nkey industry challenges.<\/p>\t\t\t\t\t\t\t<\/div>\n\t\t\t\t\t\t\t\t\t\t\t\t\t<\/div>\n\t\t\t\t\t<\/div>\n\t\t\t\t<\/div>\n\t\t\t<\/div>\n\t\t<\/div>\n\t\t\t\t\t\t<\/div>\n\t\t\t\t<\/div>\n\t\t\t\t\t<\/div>\n\t\t<\/div>\n\t\t\t\t\t<\/div>\n\t\t<\/section>\n\t\t\t\t<section class=\"elementor-section elementor-top-section elementor-element elementor-element-0203ce9 elementor-section-full_width elementor-section-height-default elementor-section-height-default\" data-id=\"0203ce9\" data-element_type=\"section\" data-e-type=\"section\">\n\t\t\t\t\t\t<div class=\"elementor-container elementor-column-gap-no\">\n\t\t\t\t\t<div class=\"elementor-column elementor-col-100 elementor-top-column elementor-element elementor-element-d74bfda\" data-id=\"d74bfda\" data-element_type=\"column\" data-e-type=\"column\">\n\t\t\t<div class=\"elementor-widget-wrap elementor-element-populated\">\n\t\t\t\t\t\t<div class=\"elementor-element elementor-element-704c4ac elementor-widget elementor-widget-team_seven_about_cta\" data-id=\"704c4ac\" data-element_type=\"widget\" data-e-type=\"widget\" data-widget_type=\"team_seven_about_cta.default\">\n\t\t\t\t<div class=\"elementor-widget-container\">\n\t\t\t\t\t\t\t<div class=\"about-area overflow-hidden default-padding\">\n\t\t\t<div class=\"container\">\n\t\t\t\t<div class=\"about-items\">\n\t\t\t\t\t<div class=\"row align-center\">\n\t\t\t\t\t\t<div class=\"col-lg-6\">\n\t\t\t\t\t\t\t<div class=\"thumb\">\n\t\t\t\t\t\t\t\t\t\t\t\t\t\t\t\t\t<img decoding=\"async\" src=\"https:\/\/www.teamseven.pe\/wp-content\/uploads\/2026\/04\/imagen-2-interna-e1776731783644.jpg\" alt=\"\">\n\t\t\t\t\t\t\t\t\t\t\t\t\t\t\t\t<div class=\"fun-fact\">\n\t\t\t\t\t\t\t\t\t<div class=\"counter\">\n\t\t\t\t\t\t\t\t\t\t\t\t\t\t\t\t\t\t\t\t<div class=\"team-seven-about-cta-count\">Final Account<\/div>\n\t\t\t\t\t\t\t\t\t<\/div>\n\t\t\t\t\t\t\t\t<\/div>\n\t\t\t\t\t\t\t<\/div>\n\t\t\t\t\t\t<\/div>\n\t\t\t\t\t\t<div class=\"col-lg-6\">\n\t\t\t\t\t\t\t<div class=\"content\">\n\t\t\t\t\t\t\t\t<h2>Looking to scale or enter a new market? Let\u2019s talk.<\/h2>\n\t\t\t\t\t\t\t\t<p>Beyond my work, I deeply value the people behind every business\u2014which is why I also choose to show my human side.\n\nI\u2019m a mother of two wonderful souls, Alejandro and Nicol\u00e1s, and of An\u00edbal (pictured).\n\nI\u2019m also the wife of Armando, whom I deeply love and admire. I\u2019m passionate about creativity and guided by a strong sense of intuition.\n\nI believe in doing things well\u2014with sound judgment and alongside people who share that mindset. I move forward even in uncertainty, grounded in faith: in myself, in others, and in God. I practice gratitude and strive to live with a deep awareness of how fortunate I am.\n\nIf you believe I can add value to what you\u2019re building, feel free to reach out.<\/p>\n\t\t\t\t\t\t\t\t\t\t\t\t\t\t\t\t\t<div class=\"about-cta\">\n\t\t\t\t\t\t\t\t\t\t<a class=\"btn btn-md btn-theme\" href=\"http:\/\/www.teamseven.pe\/en\/#contacto-section\">\n\t\t\t\t\t\t\t\t\t\t\tSchedule a strategic call\t\t\t\t\t\t\t\t\t\t<\/a>\n\t\t\t\t\t\t\t\t\t<\/div>\n\t\t\t\t\t\t\t\t\t\t\t\t\t\t\t\t\t\t<p class=\"about-below-btn\">Ana Mar\u00eda Padr\u00f3s<\/p>\n\t\t\t\t\t\t\t\t\t\t\t\t\t\t\t\t<\/div>\n\t\t\t\t\t\t<\/div>\n\t\t\t\t\t<\/div>\n\t\t\t\t<\/div>\n\t\t\t<\/div>\n\t\t<\/div>\n\t\t\t\t\t\t<\/div>\n\t\t\t\t<\/div>\n\t\t\t\t\t<\/div>\n\t\t<\/div>\n\t\t\t\t\t<\/div>\n\t\t<\/section>\n\t\t\t\t<\/div>","protected":false},"excerpt":{"rendered":"<p>+26 a\u00f1os de experiencia \u00bfQui\u00e9n soy? Soy Ana Mar\u00eda Padr\u00f3s, consultora estrat\u00e9gica en la industria del juego y fundadora de Team Seven. Con m\u00e1s de 25 a\u00f1os de experiencia, he liderado operaciones, construido equipos y enfrentado los desaf\u00edos reales de crecimiento en entornos B2B y B2C, tanto en compa\u00f1\u00edas globales como en mercados locales. Hoy [&hellip;]<\/p>\n","protected":false},"author":1,"featured_media":1999,"parent":0,"menu_order":0,"comment_status":"closed","ping_status":"closed","template":"page-templates\/pages.php","meta":{"footnotes":""},"class_list":["post-1052","page","type-page","status-publish","has-post-thumbnail","hentry"],"yoast_head":"<!-- This site is optimized with the Yoast SEO plugin v27.5 - https:\/\/yoast.com\/product\/yoast-seo-wordpress\/ -->\n<title>Ana Mar\u00eda Padr\u00f3s - Consultora de juegos de azar y gaming Latam<\/title>\n<meta name=\"description\" content=\"Consultora estrat\u00e9gica en la industria de gaming y fundadora de Team Seven. Experta en regulaci\u00f3n, operaciones y desarrollo de negocios.\" \/>\n<meta name=\"robots\" content=\"index, follow, max-snippet:-1, max-image-preview:large, max-video-preview:-1\" \/>\n<link rel=\"canonical\" href=\"https:\/\/www.teamseven.pe\/en\/ana-maria-padros\/\" \/>\n<meta property=\"og:locale\" content=\"en_US\" \/>\n<meta property=\"og:type\" content=\"article\" \/>\n<meta property=\"og:title\" content=\"Ana Mar\u00eda Padr\u00f3s - Consultora de juegos de azar y gaming Latam\" \/>\n<meta property=\"og:description\" content=\"Consultora estrat\u00e9gica en la industria de gaming y fundadora de Team Seven. Experta en regulaci\u00f3n, operaciones y desarrollo de negocios.\" \/>\n<meta property=\"og:url\" content=\"https:\/\/www.teamseven.pe\/en\/ana-maria-padros\/\" \/>\n<meta property=\"og:site_name\" content=\"TeamSeven\" \/>\n<meta property=\"article:modified_time\" content=\"2026-05-01T18:35:41+00:00\" \/>\n<meta property=\"og:image\" content=\"https:\/\/www.teamseven.pe\/wp-content\/uploads\/2026\/04\/banner-interna.jpg\" \/>\n\t<meta property=\"og:image:width\" content=\"1900\" \/>\n\t<meta property=\"og:image:height\" content=\"886\" \/>\n\t<meta property=\"og:image:type\" content=\"image\/jpeg\" \/>\n<meta name=\"twitter:card\" content=\"summary_large_image\" \/>\n<meta name=\"twitter:label1\" content=\"Est. reading time\" \/>\n\t<meta name=\"twitter:data1\" content=\"3 minutes\" \/>\n<script type=\"application\/ld+json\" class=\"yoast-schema-graph\">{\"@context\":\"https:\\\/\\\/schema.org\",\"@graph\":[{\"@type\":\"WebPage\",\"@id\":\"https:\\\/\\\/www.teamseven.pe\\\/ana-maria-padros\\\/\",\"url\":\"https:\\\/\\\/www.teamseven.pe\\\/ana-maria-padros\\\/\",\"name\":\"Ana Mar\u00eda Padr\u00f3s - Consultora de juegos de azar y gaming Latam\",\"isPartOf\":{\"@id\":\"http:\\\/\\\/www.teamseven.pe\\\/#website\"},\"primaryImageOfPage\":{\"@id\":\"https:\\\/\\\/www.teamseven.pe\\\/ana-maria-padros\\\/#primaryimage\"},\"image\":{\"@id\":\"https:\\\/\\\/www.teamseven.pe\\\/ana-maria-padros\\\/#primaryimage\"},\"thumbnailUrl\":\"https:\\\/\\\/www.teamseven.pe\\\/wp-content\\\/uploads\\\/2026\\\/04\\\/banner-interna.jpg\",\"datePublished\":\"2022-03-31T06:13:25+00:00\",\"dateModified\":\"2026-05-01T18:35:41+00:00\",\"description\":\"Consultora estrat\u00e9gica en la industria de gaming y fundadora de Team Seven. Experta en regulaci\u00f3n, operaciones y desarrollo de negocios.\",\"breadcrumb\":{\"@id\":\"https:\\\/\\\/www.teamseven.pe\\\/ana-maria-padros\\\/#breadcrumb\"},\"inLanguage\":\"en-US\",\"potentialAction\":[{\"@type\":\"ReadAction\",\"target\":[\"https:\\\/\\\/www.teamseven.pe\\\/ana-maria-padros\\\/\"]}]},{\"@type\":\"ImageObject\",\"inLanguage\":\"en-US\",\"@id\":\"https:\\\/\\\/www.teamseven.pe\\\/ana-maria-padros\\\/#primaryimage\",\"url\":\"https:\\\/\\\/www.teamseven.pe\\\/wp-content\\\/uploads\\\/2026\\\/04\\\/banner-interna.jpg\",\"contentUrl\":\"https:\\\/\\\/www.teamseven.pe\\\/wp-content\\\/uploads\\\/2026\\\/04\\\/banner-interna.jpg\",\"width\":1900,\"height\":886},{\"@type\":\"BreadcrumbList\",\"@id\":\"https:\\\/\\\/www.teamseven.pe\\\/ana-maria-padros\\\/#breadcrumb\",\"itemListElement\":[{\"@type\":\"ListItem\",\"position\":1,\"name\":\"Portada\",\"item\":\"https:\\\/\\\/www.teamseven.pe\\\/\"},{\"@type\":\"ListItem\",\"position\":2,\"name\":\"Ana Mar\u00eda Padr\u00f3s\"}]},{\"@type\":\"WebSite\",\"@id\":\"http:\\\/\\\/www.teamseven.pe\\\/#website\",\"url\":\"http:\\\/\\\/www.teamseven.pe\\\/\",\"name\":\"TeamSeven\",\"description\":\"My WordPress Blog\",\"potentialAction\":[{\"@type\":\"SearchAction\",\"target\":{\"@type\":\"EntryPoint\",\"urlTemplate\":\"http:\\\/\\\/www.teamseven.pe\\\/?s={search_term_string}\"},\"query-input\":{\"@type\":\"PropertyValueSpecification\",\"valueRequired\":true,\"valueName\":\"search_term_string\"}}],\"inLanguage\":\"en-US\"}]}<\/script>\n<!-- \/ Yoast SEO plugin. -->","yoast_head_json":{"title":"Ana Mar\u00eda Padr\u00f3s - Consultora de juegos de azar y gaming Latam","description":"Consultora estrat\u00e9gica en la industria de gaming y fundadora de Team Seven. Experta en regulaci\u00f3n, operaciones y desarrollo de negocios.","robots":{"index":"index","follow":"follow","max-snippet":"max-snippet:-1","max-image-preview":"max-image-preview:large","max-video-preview":"max-video-preview:-1"},"canonical":"https:\/\/www.teamseven.pe\/en\/ana-maria-padros\/","og_locale":"en_US","og_type":"article","og_title":"Ana Mar\u00eda Padr\u00f3s - Consultora de juegos de azar y gaming Latam","og_description":"Consultora estrat\u00e9gica en la industria de gaming y fundadora de Team Seven. Experta en regulaci\u00f3n, operaciones y desarrollo de negocios.","og_url":"https:\/\/www.teamseven.pe\/en\/ana-maria-padros\/","og_site_name":"TeamSeven","article_modified_time":"2026-05-01T18:35:41+00:00","og_image":[{"width":1900,"height":886,"url":"https:\/\/www.teamseven.pe\/wp-content\/uploads\/2026\/04\/banner-interna.jpg","type":"image\/jpeg"}],"twitter_card":"summary_large_image","twitter_misc":{"Est. reading time":"3 minutes"},"schema":{"@context":"https:\/\/schema.org","@graph":[{"@type":"WebPage","@id":"https:\/\/www.teamseven.pe\/ana-maria-padros\/","url":"https:\/\/www.teamseven.pe\/ana-maria-padros\/","name":"Ana Mar\u00eda Padr\u00f3s - Consultora de juegos de azar y gaming Latam","isPartOf":{"@id":"http:\/\/www.teamseven.pe\/#website"},"primaryImageOfPage":{"@id":"https:\/\/www.teamseven.pe\/ana-maria-padros\/#primaryimage"},"image":{"@id":"https:\/\/www.teamseven.pe\/ana-maria-padros\/#primaryimage"},"thumbnailUrl":"https:\/\/www.teamseven.pe\/wp-content\/uploads\/2026\/04\/banner-interna.jpg","datePublished":"2022-03-31T06:13:25+00:00","dateModified":"2026-05-01T18:35:41+00:00","description":"Consultora estrat\u00e9gica en la industria de gaming y fundadora de Team Seven. Experta en regulaci\u00f3n, operaciones y desarrollo de negocios.","breadcrumb":{"@id":"https:\/\/www.teamseven.pe\/ana-maria-padros\/#breadcrumb"},"inLanguage":"en-US","potentialAction":[{"@type":"ReadAction","target":["https:\/\/www.teamseven.pe\/ana-maria-padros\/"]}]},{"@type":"ImageObject","inLanguage":"en-US","@id":"https:\/\/www.teamseven.pe\/ana-maria-padros\/#primaryimage","url":"https:\/\/www.teamseven.pe\/wp-content\/uploads\/2026\/04\/banner-interna.jpg","contentUrl":"https:\/\/www.teamseven.pe\/wp-content\/uploads\/2026\/04\/banner-interna.jpg","width":1900,"height":886},{"@type":"BreadcrumbList","@id":"https:\/\/www.teamseven.pe\/ana-maria-padros\/#breadcrumb","itemListElement":[{"@type":"ListItem","position":1,"name":"Portada","item":"https:\/\/www.teamseven.pe\/"},{"@type":"ListItem","position":2,"name":"Ana Mar\u00eda Padr\u00f3s"}]},{"@type":"WebSite","@id":"http:\/\/www.teamseven.pe\/#website","url":"http:\/\/www.teamseven.pe\/","name":"TeamSeven","description":"My WordPress Blog","potentialAction":[{"@type":"SearchAction","target":{"@type":"EntryPoint","urlTemplate":"http:\/\/www.teamseven.pe\/?s={search_term_string}"},"query-input":{"@type":"PropertyValueSpecification","valueRequired":true,"valueName":"search_term_string"}}],"inLanguage":"en-US"}]}},"_links":{"self":[{"href":"https:\/\/www.teamseven.pe\/en\/wp-json\/wp\/v2\/pages\/1052","targetHints":{"allow":["GET"]}}],"collection":[{"href":"https:\/\/www.teamseven.pe\/en\/wp-json\/wp\/v2\/pages"}],"about":[{"href":"https:\/\/www.teamseven.pe\/en\/wp-json\/wp\/v2\/types\/page"}],"author":[{"embeddable":true,"href":"https:\/\/www.teamseven.pe\/en\/wp-json\/wp\/v2\/users\/1"}],"replies":[{"embeddable":true,"href":"https:\/\/www.teamseven.pe\/en\/wp-json\/wp\/v2\/comments?post=1052"}],"version-history":[{"count":58,"href":"https:\/\/www.teamseven.pe\/en\/wp-json\/wp\/v2\/pages\/1052\/revisions"}],"predecessor-version":[{"id":2536,"href":"https:\/\/www.teamseven.pe\/en\/wp-json\/wp\/v2\/pages\/1052\/revisions\/2536"}],"wp:featuredmedia":[{"embeddable":true,"href":"https:\/\/www.teamseven.pe\/en\/wp-json\/wp\/v2\/media\/1999"}],"wp:attachment":[{"href":"https:\/\/www.teamseven.pe\/en\/wp-json\/wp\/v2\/media?parent=1052"}],"curies":[{"name":"wp","href":"https:\/\/api.w.org\/{rel}","templated":true}]}}